{"id":1211,"date":"2023-05-28T21:53:42","date_gmt":"2023-05-28T19:53:42","guid":{"rendered":"https:\/\/www.anglerverein-daskow.de\/wordpress\/?page_id=1211"},"modified":"2026-03-22T10:26:21","modified_gmt":"2026-03-22T09:26:21","slug":"raumvermietung","status":"publish","type":"page","link":"https:\/\/www.anglerverein-daskow.de\/wordpress\/?page_id=1211","title":{"rendered":"Raumvermietung"},"content":{"rendered":"\t\t<div data-elementor-type=\"wp-page\" data-elementor-id=\"1211\" class=\"elementor elementor-1211\">\n\t\t\t\t\t\t\t<div class=\"elementor-element elementor-element-25d45b21 e-flex e-con-boxed e-con e-parent\" data-id=\"25d45b21\" data-element_type=\"container\" data-settings=\"{&quot;content_width&quot;:&quot;boxed&quot;}\" data-core-v316-plus=\"true\">\n\t\t\t\t\t<div class=\"e-con-inner\">\n\t\t\t\t<div class=\"elementor-element elementor-element-28ab3226 elementor-widget-divider--view-line elementor-widget elementor-widget-divider\" data-id=\"28ab3226\" data-element_type=\"widget\" data-widget_type=\"divider.default\">\n\t\t\t\t<div class=\"elementor-widget-container\">\n\t\t\t<style>\/*! elementor - v3.16.0 - 20-09-2023 *\/\n.elementor-widget-divider{--divider-border-style:none;--divider-border-width:1px;--divider-color:#0c0d0e;--divider-icon-size:20px;--divider-element-spacing:10px;--divider-pattern-height:24px;--divider-pattern-size:20px;--divider-pattern-url:none;--divider-pattern-repeat:repeat-x}.elementor-widget-divider .elementor-divider{display:flex}.elementor-widget-divider .elementor-divider__text{font-size:15px;line-height:1;max-width:95%}.elementor-widget-divider .elementor-divider__element{margin:0 var(--divider-element-spacing);flex-shrink:0}.elementor-widget-divider .elementor-icon{font-size:var(--divider-icon-size)}.elementor-widget-divider .elementor-divider-separator{display:flex;margin:0;direction:ltr}.elementor-widget-divider--view-line_icon .elementor-divider-separator,.elementor-widget-divider--view-line_text .elementor-divider-separator{align-items:center}.elementor-widget-divider--view-line_icon .elementor-divider-separator:after,.elementor-widget-divider--view-line_icon .elementor-divider-separator:before,.elementor-widget-divider--view-line_text .elementor-divider-separator:after,.elementor-widget-divider--view-line_text .elementor-divider-separator:before{display:block;content:\"\";border-bottom:0;flex-grow:1;border-top:var(--divider-border-width) var(--divider-border-style) var(--divider-color)}.elementor-widget-divider--element-align-left .elementor-divider .elementor-divider-separator>.elementor-divider__svg:first-of-type{flex-grow:0;flex-shrink:100}.elementor-widget-divider--element-align-left .elementor-divider-separator:before{content:none}.elementor-widget-divider--element-align-left .elementor-divider__element{margin-left:0}.elementor-widget-divider--element-align-right .elementor-divider .elementor-divider-separator>.elementor-divider__svg:last-of-type{flex-grow:0;flex-shrink:100}.elementor-widget-divider--element-align-right .elementor-divider-separator:after{content:none}.elementor-widget-divider--element-align-right .elementor-divider__element{margin-right:0}.elementor-widget-divider:not(.elementor-widget-divider--view-line_text):not(.elementor-widget-divider--view-line_icon) .elementor-divider-separator{border-top:var(--divider-border-width) var(--divider-border-style) var(--divider-color)}.elementor-widget-divider--separator-type-pattern{--divider-border-style:none}.elementor-widget-divider--separator-type-pattern.elementor-widget-divider--view-line .elementor-divider-separator,.elementor-widget-divider--separator-type-pattern:not(.elementor-widget-divider--view-line) .elementor-divider-separator:after,.elementor-widget-divider--separator-type-pattern:not(.elementor-widget-divider--view-line) .elementor-divider-separator:before,.elementor-widget-divider--separator-type-pattern:not([class*=elementor-widget-divider--view]) .elementor-divider-separator{width:100%;min-height:var(--divider-pattern-height);-webkit-mask-size:var(--divider-pattern-size) 100%;mask-size:var(--divider-pattern-size) 100%;-webkit-mask-repeat:var(--divider-pattern-repeat);mask-repeat:var(--divider-pattern-repeat);background-color:var(--divider-color);-webkit-mask-image:var(--divider-pattern-url);mask-image:var(--divider-pattern-url)}.elementor-widget-divider--no-spacing{--divider-pattern-size:auto}.elementor-widget-divider--bg-round{--divider-pattern-repeat:round}.rtl .elementor-widget-divider .elementor-divider__text{direction:rtl}.e-con-inner>.elementor-widget-divider,.e-con>.elementor-widget-divider{width:var(--container-widget-width,100%);--flex-grow:var(--container-widget-flex-grow)}<\/style>\t\t<div class=\"elementor-divider\">\n\t\t\t<span class=\"elementor-divider-separator\">\n\t\t\t\t\t\t<\/span>\n\t\t<\/div>\n\t\t\t\t<\/div>\n\t\t\t\t<\/div>\n\t\t\t\t<div class=\"elementor-element elementor-element-3f3135f0 elementor-widget elementor-widget-heading\" data-id=\"3f3135f0\" data-element_type=\"widget\" data-widget_type=\"heading.default\">\n\t\t\t\t<div class=\"elementor-widget-container\">\n\t\t\t<style>\/*! elementor - v3.16.0 - 20-09-2023 *\/\n.elementor-heading-title{padding:0;margin:0;line-height:1}.elementor-widget-heading .elementor-heading-title[class*=elementor-size-]>a{color:inherit;font-size:inherit;line-height:inherit}.elementor-widget-heading .elementor-heading-title.elementor-size-small{font-size:15px}.elementor-widget-heading .elementor-heading-title.elementor-size-medium{font-size:19px}.elementor-widget-heading .elementor-heading-title.elementor-size-large{font-size:29px}.elementor-widget-heading .elementor-heading-title.elementor-size-xl{font-size:39px}.elementor-widget-heading .elementor-heading-title.elementor-size-xxl{font-size:59px}<\/style><h2 class=\"elementor-heading-title elementor-size-large\">Vermietung der R\u00e4umlichkeiten<\/h2>\t\t<\/div>\n\t\t\t\t<\/div>\n\t\t\t\t<div class=\"elementor-element elementor-element-78102ac5 elementor-widget elementor-widget-text-editor\" data-id=\"78102ac5\" data-element_type=\"widget\" data-widget_type=\"text-editor.default\">\n\t\t\t\t<div class=\"elementor-widget-container\">\n\t\t\t<style>\/*! elementor - v3.16.0 - 20-09-2023 *\/\n.elementor-widget-text-editor.elementor-drop-cap-view-stacked .elementor-drop-cap{background-color:#69727d;color:#fff}.elementor-widget-text-editor.elementor-drop-cap-view-framed .elementor-drop-cap{color:#69727d;border:3px solid;background-color:transparent}.elementor-widget-text-editor:not(.elementor-drop-cap-view-default) .elementor-drop-cap{margin-top:8px}.elementor-widget-text-editor:not(.elementor-drop-cap-view-default) .elementor-drop-cap-letter{width:1em;height:1em}.elementor-widget-text-editor .elementor-drop-cap{float:left;text-align:center;line-height:1;font-size:50px}.elementor-widget-text-editor .elementor-drop-cap-letter{display:inline-block}<\/style>\t\t\t\t<h5>\u00a0<\/h5><h5><span style=\"color: #000000;\">Interessenten melden sich bitte b<\/span>ei:<\/h5><p><span style=\"color: #000000;\"><strong>Mario Wilde \u00a0\u00a0 Tel.: 01577\/6060268\u00a0<\/strong><\/span><\/p><p><span style=\"color: #000000;\"><strong>oder<\/strong><\/span><\/p><p><span style=\"color: #000000;\"><strong>Tom Jahnke\u00a0 \u00a0 Tel.: 01575\/9899225<\/strong><\/span><\/p><h5><span style=\"color: #000000;\">Beide erreichbar von 16:00-21:00Uhr<\/span><\/h5><h4>\u00a0<\/h4><h4><span style=\"text-decoration: underline; color: #df5b5b;\">!! AB SOFORT NEUE PREISE !!<\/span><\/h4><h3><span style=\"color: #df5b5b;\"><strong>Es gab eine Bekanntmachung der neuen Preise. Bitte lesen Sie sich dazu die neue Benutzungsgeb\u00fchrensatzung dur<span style=\"color: #df5b5b;\">ch<\/span>. Diese ist<span style=\"color: #df5b5b;\"><span style=\"color: #993300;\"> <a style=\"color: #993300; text-decoration: underline;\" href=\"http:\/\/www.anglerverein-daskow.de\/wordpress\/wp-content\/uploads\/2024\/11\/Bentzungs-und-Benutzungsgebuehrensatzung.pdf\">HIER<\/a> <\/span>zu<\/span> finden.<\/strong><\/span><\/h3><h3><span style=\"color: #df5b5b;\">Der Nutzungsvertrag ist <span style=\"color: #993300;\"><a style=\"color: #993300; text-decoration: underline;\" href=\"http:\/\/www.anglerverein-daskow.de\/wordpress\/wp-content\/uploads\/2024\/11\/Nutzungsvertrag.pdf\">HIER<\/a><\/span> zu finden. Wir bitten darum, ihn schon ausgef\u00fcllt mitzubringen.<\/span><\/h3><h4>\u00a0<\/h4><h4><span style=\"text-decoration: underline; color: #df5b5b;\">Festzelt<\/span><\/h4><h4>Kosten:\u00a0 50\u20ac<\/h4><h4><span style=\"color: #000000;\">F\u00fcr Vereinsmitglieder:\u00a0 kostenlos!<\/span><\/h4><h4><span style=\"text-decoration: underline; color: #df5b5b;\">Festzeltgarnituren<\/span><\/h4><h4>Kosten:\u00a0 pro Garnitur 2,50\u20ac<\/h4><h4><span style=\"color: #000000;\">F\u00fcr Vereinsmitglieder:\u00a0 kostenlos!<\/span><\/h4><h5><span style=\"color: #000000;\">Sollte ein Termin, ohne vorherige Absage, nicht wahrgenommen werden, wird die Kaution einbehalten!<\/span><\/h5><h5>Kein Raucherbereich in \u00f6ffentlichen R\u00e4umen. Dieser ist ausschlie\u00dflich auf der Terrasse zu nutzen.<\/h5>\t\t\t\t\t\t<\/div>\n\t\t\t\t<\/div>\n\t\t\t\t<div class=\"elementor-element elementor-element-b09cea0 elementor-widget elementor-widget-text-editor\" data-id=\"b09cea0\" data-element_type=\"widget\" data-widget_type=\"text-editor.default\">\n\t\t\t\t<div class=\"elementor-widget-container\">\n\t\t\t\t\t\t\t<h1><a href=\"http:\/\/www.anglerverein-daskow.de\/wordpress\/wp-content\/uploads\/2026\/03\/kalender-2026.pdf\"><span style=\"text-decoration: underline;\"><span style=\"color: #5461ba; text-decoration: underline;\">Belegung der R\u00e4umlichkeiten, Bierzeltgarnituren und Festzelte sind HIER einzusehen. 2026<\/span><\/span><\/a><\/h1>\t\t\t\t\t\t<\/div>\n\t\t\t\t<\/div>\n\t\t\t\t<div class=\"elementor-element elementor-element-128a0c9 elementor-widget elementor-widget-text-editor\" data-id=\"128a0c9\" data-element_type=\"widget\" data-widget_type=\"text-editor.default\">\n\t\t\t\t<div class=\"elementor-widget-container\">\n\t\t\t\t\t\t\t<h1><a href=\"http:\/\/www.anglerverein-daskow.de\/wordpress\/wp-content\/uploads\/2026\/03\/kalender-2027.pdf\"><span style=\"text-decoration: underline;\"><span style=\"color: #5461ba; text-decoration: underline;\">NEU &#8211; Belegung der R\u00e4umlichkeiten, Bierzeltgarnituren und Festzelte sind HIER einzusehen. Nur bis Juni 2027!!!<\/span><\/span><\/a><\/h1>\t\t\t\t\t\t<\/div>\n\t\t\t\t<\/div>\n\t\t\t\t<div class=\"elementor-element elementor-element-8c2627b elementor-widget elementor-widget-text-editor\" data-id=\"8c2627b\" data-element_type=\"widget\" data-widget_type=\"text-editor.default\">\n\t\t\t\t<div class=\"elementor-widget-container\">\n\t\t\t\t\t\t\t\t\t\t\t\t\t<\/div>\n\t\t\t\t<\/div>\n\t\t\t\t\t<\/div>\n\t\t\t\t<\/div>\n\t\t<div class=\"elementor-element elementor-element-e570992 e-flex e-con-boxed e-con e-parent\" data-id=\"e570992\" data-element_type=\"container\" data-settings=\"{&quot;content_width&quot;:&quot;boxed&quot;}\" data-core-v316-plus=\"true\">\n\t\t\t\t\t<div class=\"e-con-inner\">\n\t\t<div class=\"elementor-element elementor-element-769ff482 e-con-full e-flex e-con e-child\" data-id=\"769ff482\" data-element_type=\"container\" data-settings=\"{&quot;content_width&quot;:&quot;full&quot;}\">\n\t\t\t\t<div class=\"elementor-element elementor-element-481528ae elementor-widget elementor-widget-image\" data-id=\"481528ae\" data-element_type=\"widget\" data-widget_type=\"image.default\">\n\t\t\t\t<div class=\"elementor-widget-container\">\n\t\t\t<style>\/*! elementor - v3.16.0 - 20-09-2023 *\/\n.elementor-widget-image{text-align:center}.elementor-widget-image a{display:inline-block}.elementor-widget-image a img[src$=\".svg\"]{width:48px}.elementor-widget-image img{vertical-align:middle;display:inline-block}<\/style>\t\t\t\t\t\t\t\t\t\t\t\t<img loading=\"lazy\" decoding=\"async\" width=\"1024\" height=\"768\" src=\"https:\/\/www.anglerverein-daskow.de\/wordpress\/wp-content\/uploads\/2023\/05\/WhatsApp-Image-2023-05-28-at-14.58.444-1024x768.jpeg\" class=\"attachment-large size-large wp-image-1216\" alt=\"\" srcset=\"https:\/\/www.anglerverein-daskow.de\/wordpress\/wp-content\/uploads\/2023\/05\/WhatsApp-Image-2023-05-28-at-14.58.444-1024x768.jpeg 1024w, https:\/\/www.anglerverein-daskow.de\/wordpress\/wp-content\/uploads\/2023\/05\/WhatsApp-Image-2023-05-28-at-14.58.444-300x225.jpeg 300w, https:\/\/www.anglerverein-daskow.de\/wordpress\/wp-content\/uploads\/2023\/05\/WhatsApp-Image-2023-05-28-at-14.58.444-768x576.jpeg 768w, https:\/\/www.anglerverein-daskow.de\/wordpress\/wp-content\/uploads\/2023\/05\/WhatsApp-Image-2023-05-28-at-14.58.444-1536x1152.jpeg 1536w, https:\/\/www.anglerverein-daskow.de\/wordpress\/wp-content\/uploads\/2023\/05\/WhatsApp-Image-2023-05-28-at-14.58.444.jpeg 2048w\" sizes=\"auto, (max-width: 1024px) 100vw, 1024px\" \/>\t\t\t\t\t\t\t\t\t\t\t\t\t\t\t<\/div>\n\t\t\t\t<\/div>\n\t\t\t\t<\/div>\n\t\t<div class=\"elementor-element elementor-element-134befbf e-con-full e-flex e-con e-child\" data-id=\"134befbf\" data-element_type=\"container\" data-settings=\"{&quot;content_width&quot;:&quot;full&quot;}\">\n\t\t\t\t<div class=\"elementor-element elementor-element-477e85da elementor-widget elementor-widget-image\" data-id=\"477e85da\" data-element_type=\"widget\" data-widget_type=\"image.default\">\n\t\t\t\t<div class=\"elementor-widget-container\">\n\t\t\t\t\t\t\t\t\t\t\t\t\t\t\t<img loading=\"lazy\" decoding=\"async\" width=\"1024\" height=\"768\" src=\"https:\/\/www.anglerverein-daskow.de\/wordpress\/wp-content\/uploads\/2023\/05\/WhatsApp-Image-2023-05-28-at-14.58.44-1024x768.jpeg\" class=\"attachment-large size-large wp-image-1220\" alt=\"\" srcset=\"https:\/\/www.anglerverein-daskow.de\/wordpress\/wp-content\/uploads\/2023\/05\/WhatsApp-Image-2023-05-28-at-14.58.44-1024x768.jpeg 1024w, https:\/\/www.anglerverein-daskow.de\/wordpress\/wp-content\/uploads\/2023\/05\/WhatsApp-Image-2023-05-28-at-14.58.44-300x225.jpeg 300w, https:\/\/www.anglerverein-daskow.de\/wordpress\/wp-content\/uploads\/2023\/05\/WhatsApp-Image-2023-05-28-at-14.58.44-768x576.jpeg 768w, https:\/\/www.anglerverein-daskow.de\/wordpress\/wp-content\/uploads\/2023\/05\/WhatsApp-Image-2023-05-28-at-14.58.44-1536x1152.jpeg 1536w, https:\/\/www.anglerverein-daskow.de\/wordpress\/wp-content\/uploads\/2023\/05\/WhatsApp-Image-2023-05-28-at-14.58.44.jpeg 2048w\" sizes=\"auto, (max-width: 1024px) 100vw, 1024px\" \/>\t\t\t\t\t\t\t\t\t\t\t\t\t\t\t<\/div>\n\t\t\t\t<\/div>\n\t\t\t\t<\/div>\n\t\t<div class=\"elementor-element elementor-element-3b1eda1c e-con-full e-flex e-con e-child\" data-id=\"3b1eda1c\" data-element_type=\"container\" data-settings=\"{&quot;content_width&quot;:&quot;full&quot;}\">\n\t\t\t\t<div class=\"elementor-element elementor-element-26f5b8c8 elementor-widget elementor-widget-image\" data-id=\"26f5b8c8\" data-element_type=\"widget\" data-widget_type=\"image.default\">\n\t\t\t\t<div class=\"elementor-widget-container\">\n\t\t\t\t\t\t\t\t\t\t\t\t\t\t\t<img loading=\"lazy\" decoding=\"async\" width=\"1024\" height=\"768\" src=\"https:\/\/www.anglerverein-daskow.de\/wordpress\/wp-content\/uploads\/2023\/05\/WhatsApp-Image-2023-05-28-at-14.58.393-1024x768.jpeg\" class=\"attachment-large size-large wp-image-1228\" alt=\"\" srcset=\"https:\/\/www.anglerverein-daskow.de\/wordpress\/wp-content\/uploads\/2023\/05\/WhatsApp-Image-2023-05-28-at-14.58.393-1024x768.jpeg 1024w, https:\/\/www.anglerverein-daskow.de\/wordpress\/wp-content\/uploads\/2023\/05\/WhatsApp-Image-2023-05-28-at-14.58.393-300x225.jpeg 300w, https:\/\/www.anglerverein-daskow.de\/wordpress\/wp-content\/uploads\/2023\/05\/WhatsApp-Image-2023-05-28-at-14.58.393-768x576.jpeg 768w, https:\/\/www.anglerverein-daskow.de\/wordpress\/wp-content\/uploads\/2023\/05\/WhatsApp-Image-2023-05-28-at-14.58.393-1536x1152.jpeg 1536w, https:\/\/www.anglerverein-daskow.de\/wordpress\/wp-content\/uploads\/2023\/05\/WhatsApp-Image-2023-05-28-at-14.58.393.jpeg 2048w\" sizes=\"auto, (max-width: 1024px) 100vw, 1024px\" \/>\t\t\t\t\t\t\t\t\t\t\t\t\t\t\t<\/div>\n\t\t\t\t<\/div>\n\t\t\t\t<div class=\"elementor-element elementor-element-01dee66 elementor-widget elementor-widget-image\" data-id=\"01dee66\" data-element_type=\"widget\" data-widget_type=\"image.default\">\n\t\t\t\t<div class=\"elementor-widget-container\">\n\t\t\t\t\t\t\t\t\t\t\t\t\t\t\t<img loading=\"lazy\" decoding=\"async\" width=\"1024\" height=\"768\" src=\"https:\/\/www.anglerverein-daskow.de\/wordpress\/wp-content\/uploads\/2023\/05\/WhatsApp-Image-2023-05-28-at-14.58.392-1024x768.jpeg\" class=\"attachment-large size-large wp-image-1229\" alt=\"\" srcset=\"https:\/\/www.anglerverein-daskow.de\/wordpress\/wp-content\/uploads\/2023\/05\/WhatsApp-Image-2023-05-28-at-14.58.392-1024x768.jpeg 1024w, https:\/\/www.anglerverein-daskow.de\/wordpress\/wp-content\/uploads\/2023\/05\/WhatsApp-Image-2023-05-28-at-14.58.392-300x225.jpeg 300w, https:\/\/www.anglerverein-daskow.de\/wordpress\/wp-content\/uploads\/2023\/05\/WhatsApp-Image-2023-05-28-at-14.58.392-768x576.jpeg 768w, https:\/\/www.anglerverein-daskow.de\/wordpress\/wp-content\/uploads\/2023\/05\/WhatsApp-Image-2023-05-28-at-14.58.392-1536x1152.jpeg 1536w, https:\/\/www.anglerverein-daskow.de\/wordpress\/wp-content\/uploads\/2023\/05\/WhatsApp-Image-2023-05-28-at-14.58.392.jpeg 2000w\" sizes=\"auto, (max-width: 1024px) 100vw, 1024px\" \/>\t\t\t\t\t\t\t\t\t\t\t\t\t\t\t<\/div>\n\t\t\t\t<\/div>\n\t\t\t\t<\/div>\n\t\t<div class=\"elementor-element elementor-element-169b5c8f e-con-full e-flex e-con e-child\" data-id=\"169b5c8f\" data-element_type=\"container\" data-settings=\"{&quot;content_width&quot;:&quot;full&quot;}\">\n\t\t\t\t<div class=\"elementor-element elementor-element-4b1d74ba elementor-widget elementor-widget-image\" data-id=\"4b1d74ba\" data-element_type=\"widget\" data-widget_type=\"image.default\">\n\t\t\t\t<div class=\"elementor-widget-container\">\n\t\t\t\t\t\t\t\t\t\t\t\t\t\t\t<img loading=\"lazy\" decoding=\"async\" width=\"1024\" height=\"768\" src=\"https:\/\/www.anglerverein-daskow.de\/wordpress\/wp-content\/uploads\/2023\/05\/WhatsApp-Image-2023-05-28-at-14.58.391-1024x768.jpeg\" class=\"attachment-large size-large wp-image-1230\" alt=\"\" srcset=\"https:\/\/www.anglerverein-daskow.de\/wordpress\/wp-content\/uploads\/2023\/05\/WhatsApp-Image-2023-05-28-at-14.58.391-1024x768.jpeg 1024w, https:\/\/www.anglerverein-daskow.de\/wordpress\/wp-content\/uploads\/2023\/05\/WhatsApp-Image-2023-05-28-at-14.58.391-300x225.jpeg 300w, https:\/\/www.anglerverein-daskow.de\/wordpress\/wp-content\/uploads\/2023\/05\/WhatsApp-Image-2023-05-28-at-14.58.391-768x576.jpeg 768w, https:\/\/www.anglerverein-daskow.de\/wordpress\/wp-content\/uploads\/2023\/05\/WhatsApp-Image-2023-05-28-at-14.58.391-1536x1152.jpeg 1536w, https:\/\/www.anglerverein-daskow.de\/wordpress\/wp-content\/uploads\/2023\/05\/WhatsApp-Image-2023-05-28-at-14.58.391.jpeg 2000w\" sizes=\"auto, (max-width: 1024px) 100vw, 1024px\" \/>\t\t\t\t\t\t\t\t\t\t\t\t\t\t\t<\/div>\n\t\t\t\t<\/div>\n\t\t\t\t<div class=\"elementor-element elementor-element-4ca54d5 elementor-widget elementor-widget-image\" data-id=\"4ca54d5\" data-element_type=\"widget\" data-widget_type=\"image.default\">\n\t\t\t\t<div class=\"elementor-widget-container\">\n\t\t\t\t\t\t\t\t\t\t\t\t\t\t\t<img loading=\"lazy\" decoding=\"async\" width=\"1024\" height=\"768\" src=\"https:\/\/www.anglerverein-daskow.de\/wordpress\/wp-content\/uploads\/2023\/05\/WhatsApp-Image-2023-05-28-at-14.58.41-1024x768.jpeg\" class=\"attachment-large size-large wp-image-1226\" alt=\"\" srcset=\"https:\/\/www.anglerverein-daskow.de\/wordpress\/wp-content\/uploads\/2023\/05\/WhatsApp-Image-2023-05-28-at-14.58.41-1024x768.jpeg 1024w, https:\/\/www.anglerverein-daskow.de\/wordpress\/wp-content\/uploads\/2023\/05\/WhatsApp-Image-2023-05-28-at-14.58.41-300x225.jpeg 300w, https:\/\/www.anglerverein-daskow.de\/wordpress\/wp-content\/uploads\/2023\/05\/WhatsApp-Image-2023-05-28-at-14.58.41-768x576.jpeg 768w, https:\/\/www.anglerverein-daskow.de\/wordpress\/wp-content\/uploads\/2023\/05\/WhatsApp-Image-2023-05-28-at-14.58.41-1536x1152.jpeg 1536w, https:\/\/www.anglerverein-daskow.de\/wordpress\/wp-content\/uploads\/2023\/05\/WhatsApp-Image-2023-05-28-at-14.58.41.jpeg 2000w\" sizes=\"auto, (max-width: 1024px) 100vw, 1024px\" \/>\t\t\t\t\t\t\t\t\t\t\t\t\t\t\t<\/div>\n\t\t\t\t<\/div>\n\t\t\t\t<\/div>\n\t\t\t\t\t<\/div>\n\t\t\t\t<\/div>\n\t\t<div class=\"elementor-element elementor-element-03c87bc e-flex e-con-boxed e-con e-parent\" data-id=\"03c87bc\" data-element_type=\"container\" data-settings=\"{&quot;content_width&quot;:&quot;boxed&quot;}\" data-core-v316-plus=\"true\">\n\t\t\t\t\t<div class=\"e-con-inner\">\n\t\t\t\t\t<\/div>\n\t\t\t\t<\/div>\n\t\t\t\t\t\t\t<\/div>\n\t\t","protected":false},"excerpt":{"rendered":"<p>Vermietung der R\u00e4umlichkeiten \u00a0 Interessenten melden sich bitte bei: Mario Wilde \u00a0\u00a0 Tel.: 01577\/6060268\u00a0 oder Tom Jahnke\u00a0 \u00a0 Tel.: 01575\/9899225 Beide erreichbar von 16:00-21:00Uhr \u00a0 !! AB SOFORT NEUE PREISE [&hellip;]<\/p>\n","protected":false},"author":3,"featured_media":0,"parent":1169,"menu_order":0,"comment_status":"closed","ping_status":"closed","template":"","meta":{"ngg_post_thumbnail":0,"footnotes":""},"class_list":["post-1211","page","type-page","status-publish","hentry","entry"],"_links":{"self":[{"href":"https:\/\/www.anglerverein-daskow.de\/wordpress\/index.php?rest_route=\/wp\/v2\/pages\/1211","targetHints":{"allow":["GET"]}}],"collection":[{"href":"https:\/\/www.anglerverein-daskow.de\/wordpress\/index.php?rest_route=\/wp\/v2\/pages"}],"about":[{"href":"https:\/\/www.anglerverein-daskow.de\/wordpress\/index.php?rest_route=\/wp\/v2\/types\/page"}],"author":[{"embeddable":true,"href":"https:\/\/www.anglerverein-daskow.de\/wordpress\/index.php?rest_route=\/wp\/v2\/users\/3"}],"replies":[{"embeddable":true,"href":"https:\/\/www.anglerverein-daskow.de\/wordpress\/index.php?rest_route=%2Fwp%2Fv2%2Fcomments&post=1211"}],"version-history":[{"count":188,"href":"https:\/\/www.anglerverein-daskow.de\/wordpress\/index.php?rest_route=\/wp\/v2\/pages\/1211\/revisions"}],"predecessor-version":[{"id":2487,"href":"https:\/\/www.anglerverein-daskow.de\/wordpress\/index.php?rest_route=\/wp\/v2\/pages\/1211\/revisions\/2487"}],"up":[{"embeddable":true,"href":"https:\/\/www.anglerverein-daskow.de\/wordpress\/index.php?rest_route=\/wp\/v2\/pages\/1169"}],"wp:attachment":[{"href":"https:\/\/www.anglerverein-daskow.de\/wordpress\/index.php?rest_route=%2Fwp%2Fv2%2Fmedia&parent=1211"}],"curies":[{"name":"wp","href":"https:\/\/api.w.org\/{rel}","templated":true}]}}