{"id":1356,"date":"2023-06-01T23:23:58","date_gmt":"2023-06-01T21:23:58","guid":{"rendered":"https:\/\/www.anglerverein-daskow.de\/wordpress\/?page_id=1356"},"modified":"2025-10-25T15:25:44","modified_gmt":"2025-10-25T13:25:44","slug":"tag-der-gewaesserpflege-25-02-23","status":"publish","type":"page","link":"https:\/\/www.anglerverein-daskow.de\/wordpress\/?page_id=1356","title":{"rendered":"Tag der Gew\u00e4sserpflege (25.02.23)"},"content":{"rendered":"\t\t<div data-elementor-type=\"wp-page\" data-elementor-id=\"1356\" class=\"elementor elementor-1356\">\n\t\t\t\t\t\t\t<div class=\"elementor-element elementor-element-437f1950 e-flex e-con-boxed e-con e-parent\" data-id=\"437f1950\" data-element_type=\"container\" data-settings=\"{&quot;content_width&quot;:&quot;boxed&quot;}\" data-core-v316-plus=\"true\">\n\t\t\t\t\t<div class=\"e-con-inner\">\n\t\t\t\t<div class=\"elementor-element elementor-element-14c9471 elementor-widget elementor-widget-heading\" data-id=\"14c9471\" data-element_type=\"widget\" data-widget_type=\"heading.default\">\n\t\t\t\t<div class=\"elementor-widget-container\">\n\t\t\t<style>\/*! elementor - v3.16.0 - 20-09-2023 *\/\n.elementor-heading-title{padding:0;margin:0;line-height:1}.elementor-widget-heading .elementor-heading-title[class*=elementor-size-]>a{color:inherit;font-size:inherit;line-height:inherit}.elementor-widget-heading .elementor-heading-title.elementor-size-small{font-size:15px}.elementor-widget-heading .elementor-heading-title.elementor-size-medium{font-size:19px}.elementor-widget-heading .elementor-heading-title.elementor-size-large{font-size:29px}.elementor-widget-heading .elementor-heading-title.elementor-size-xl{font-size:39px}.elementor-widget-heading .elementor-heading-title.elementor-size-xxl{font-size:59px}<\/style><h2 class=\"elementor-heading-title elementor-size-default\">Tag der Gew\u00e4sserpflege am 25. Februar 2023<\/h2>\t\t<\/div>\n\t\t\t\t<\/div>\n\t\t\t\t<div class=\"elementor-element elementor-element-e155504 elementor-widget elementor-widget-text-editor\" data-id=\"e155504\" data-element_type=\"widget\" data-widget_type=\"text-editor.default\">\n\t\t\t\t<div class=\"elementor-widget-container\">\n\t\t\t<style>\/*! elementor - v3.16.0 - 20-09-2023 *\/\n.elementor-widget-text-editor.elementor-drop-cap-view-stacked .elementor-drop-cap{background-color:#69727d;color:#fff}.elementor-widget-text-editor.elementor-drop-cap-view-framed .elementor-drop-cap{color:#69727d;border:3px solid;background-color:transparent}.elementor-widget-text-editor:not(.elementor-drop-cap-view-default) .elementor-drop-cap{margin-top:8px}.elementor-widget-text-editor:not(.elementor-drop-cap-view-default) .elementor-drop-cap-letter{width:1em;height:1em}.elementor-widget-text-editor .elementor-drop-cap{float:left;text-align:center;line-height:1;font-size:50px}.elementor-widget-text-editor .elementor-drop-cap-letter{display:inline-block}<\/style>\t\t\t\t<h5 style=\"text-align: center;\"><span style=\"color: #4977ad;\">Am Tag der Gew\u00e4sserpflege haben wir versucht den Dorfteich vom M\u00fcll zu befreien, dabei kam sogar ein B\u00fcrostuhl zutage. Aus diesem Grund haben wir dann die Boote zu Wasser gelassen und haben die Gelegenheit genutzt die Recknitz, ca. 3km entlang, auf Unrat zu durchforsten und sind dabei auf Reste in den Flaschen gesto\u00dfen. Desweiteren haben wir die Umgebung des Anglerheimes von Laub und Unkraut befreit. <\/span><\/h5><h5 style=\"text-align: center;\"><span style=\"color: #4977ad;\">Vielen Dank an alle Helfer an diesem Tag!<\/span><\/h5>\t\t\t\t\t\t<\/div>\n\t\t\t\t<\/div>\n\t\t\t\t\t<\/div>\n\t\t\t\t<\/div>\n\t\t<div class=\"elementor-element elementor-element-12b89c91 e-flex e-con-boxed e-con e-parent\" data-id=\"12b89c91\" data-element_type=\"container\" data-settings=\"{&quot;content_width&quot;:&quot;boxed&quot;}\" data-core-v316-plus=\"true\">\n\t\t\t\t\t<div class=\"e-con-inner\">\n\t\t<div class=\"elementor-element elementor-element-7be5c3a5 e-con-full e-flex e-con e-parent\" data-id=\"7be5c3a5\" data-element_type=\"container\" data-settings=\"{&quot;content_width&quot;:&quot;full&quot;}\" data-core-v316-plus=\"true\">\n\t\t\t\t<div class=\"elementor-element elementor-element-67f1fa96 elementor-widget elementor-widget-image\" data-id=\"67f1fa96\" data-element_type=\"widget\" data-widget_type=\"image.default\">\n\t\t\t\t<div class=\"elementor-widget-container\">\n\t\t\t<style>\/*! elementor - v3.16.0 - 20-09-2023 *\/\n.elementor-widget-image{text-align:center}.elementor-widget-image a{display:inline-block}.elementor-widget-image a img[src$=\".svg\"]{width:48px}.elementor-widget-image img{vertical-align:middle;display:inline-block}<\/style>\t\t\t\t\t\t\t\t\t\t\t\t<img loading=\"lazy\" decoding=\"async\" width=\"600\" height=\"600\" src=\"https:\/\/www.anglerverein-daskow.de\/wordpress\/wp-content\/uploads\/2023\/06\/WhatsApp-Image-2023-05-23-at-10.21.16-600x600.jpeg\" class=\"attachment-ocean-thumb-m size-ocean-thumb-m wp-image-1338\" alt=\"\" srcset=\"https:\/\/www.anglerverein-daskow.de\/wordpress\/wp-content\/uploads\/2023\/06\/WhatsApp-Image-2023-05-23-at-10.21.16-600x600.jpeg 600w, https:\/\/www.anglerverein-daskow.de\/wordpress\/wp-content\/uploads\/2023\/06\/WhatsApp-Image-2023-05-23-at-10.21.16-150x150.jpeg 150w\" sizes=\"auto, (max-width: 600px) 100vw, 600px\" \/>\t\t\t\t\t\t\t\t\t\t\t\t\t\t\t<\/div>\n\t\t\t\t<\/div>\n\t\t\t\t<div class=\"elementor-element elementor-element-55c8b82b elementor-widget elementor-widget-image\" data-id=\"55c8b82b\" data-element_type=\"widget\" data-widget_type=\"image.default\">\n\t\t\t\t<div class=\"elementor-widget-container\">\n\t\t\t\t\t\t\t\t\t\t\t\t\t\t\t<img loading=\"lazy\" decoding=\"async\" width=\"600\" height=\"600\" src=\"https:\/\/www.anglerverein-daskow.de\/wordpress\/wp-content\/uploads\/2023\/06\/WhatsApp-Image-2023-05-23-at-10.21.153-600x600.jpeg\" class=\"attachment-ocean-thumb-m size-ocean-thumb-m wp-image-1334\" alt=\"\" srcset=\"https:\/\/www.anglerverein-daskow.de\/wordpress\/wp-content\/uploads\/2023\/06\/WhatsApp-Image-2023-05-23-at-10.21.153-600x600.jpeg 600w, https:\/\/www.anglerverein-daskow.de\/wordpress\/wp-content\/uploads\/2023\/06\/WhatsApp-Image-2023-05-23-at-10.21.153-150x150.jpeg 150w\" sizes=\"auto, (max-width: 600px) 100vw, 600px\" \/>\t\t\t\t\t\t\t\t\t\t\t\t\t\t\t<\/div>\n\t\t\t\t<\/div>\n\t\t\t\t<\/div>\n\t\t<div class=\"elementor-element elementor-element-248be2a8 e-con-full e-flex e-con e-parent\" data-id=\"248be2a8\" data-element_type=\"container\" data-settings=\"{&quot;content_width&quot;:&quot;full&quot;}\" data-core-v316-plus=\"true\">\n\t\t\t\t<div class=\"elementor-element elementor-element-1abde551 elementor-widget elementor-widget-image\" data-id=\"1abde551\" data-element_type=\"widget\" data-widget_type=\"image.default\">\n\t\t\t\t<div class=\"elementor-widget-container\">\n\t\t\t\t\t\t\t\t\t\t\t\t\t\t\t<img loading=\"lazy\" decoding=\"async\" width=\"600\" height=\"600\" src=\"https:\/\/www.anglerverein-daskow.de\/wordpress\/wp-content\/uploads\/2023\/06\/WhatsApp-Image-2023-05-23-at-10.21.155-600x600.jpeg\" class=\"attachment-ocean-thumb-m size-ocean-thumb-m wp-image-1336\" alt=\"\" srcset=\"https:\/\/www.anglerverein-daskow.de\/wordpress\/wp-content\/uploads\/2023\/06\/WhatsApp-Image-2023-05-23-at-10.21.155-600x600.jpeg 600w, https:\/\/www.anglerverein-daskow.de\/wordpress\/wp-content\/uploads\/2023\/06\/WhatsApp-Image-2023-05-23-at-10.21.155-150x150.jpeg 150w\" sizes=\"auto, (max-width: 600px) 100vw, 600px\" \/>\t\t\t\t\t\t\t\t\t\t\t\t\t\t\t<\/div>\n\t\t\t\t<\/div>\n\t\t\t\t<div class=\"elementor-element elementor-element-72b91198 elementor-widget elementor-widget-image\" data-id=\"72b91198\" data-element_type=\"widget\" data-widget_type=\"image.default\">\n\t\t\t\t<div class=\"elementor-widget-container\">\n\t\t\t\t\t\t\t\t\t\t\t\t\t\t\t<img loading=\"lazy\" decoding=\"async\" width=\"600\" height=\"600\" src=\"https:\/\/www.anglerverein-daskow.de\/wordpress\/wp-content\/uploads\/2023\/06\/WhatsApp-Image-2023-05-23-at-10.21.152-600x600.jpeg\" class=\"attachment-ocean-thumb-m size-ocean-thumb-m wp-image-1333\" alt=\"\" srcset=\"https:\/\/www.anglerverein-daskow.de\/wordpress\/wp-content\/uploads\/2023\/06\/WhatsApp-Image-2023-05-23-at-10.21.152-600x600.jpeg 600w, https:\/\/www.anglerverein-daskow.de\/wordpress\/wp-content\/uploads\/2023\/06\/WhatsApp-Image-2023-05-23-at-10.21.152-150x150.jpeg 150w\" sizes=\"auto, (max-width: 600px) 100vw, 600px\" \/>\t\t\t\t\t\t\t\t\t\t\t\t\t\t\t<\/div>\n\t\t\t\t<\/div>\n\t\t\t\t<div class=\"elementor-element elementor-element-6a93464a elementor-widget elementor-widget-image\" data-id=\"6a93464a\" data-element_type=\"widget\" data-widget_type=\"image.default\">\n\t\t\t\t<div class=\"elementor-widget-container\">\n\t\t\t\t\t\t\t\t\t\t\t\t\t\t\t<img loading=\"lazy\" decoding=\"async\" width=\"600\" height=\"600\" src=\"https:\/\/www.anglerverein-daskow.de\/wordpress\/wp-content\/uploads\/2023\/06\/WhatsApp-Image-2023-05-23-at-10.21.15-600x600.jpeg\" class=\"attachment-ocean-thumb-m size-ocean-thumb-m wp-image-1337\" alt=\"\" srcset=\"https:\/\/www.anglerverein-daskow.de\/wordpress\/wp-content\/uploads\/2023\/06\/WhatsApp-Image-2023-05-23-at-10.21.15-600x600.jpeg 600w, https:\/\/www.anglerverein-daskow.de\/wordpress\/wp-content\/uploads\/2023\/06\/WhatsApp-Image-2023-05-23-at-10.21.15-150x150.jpeg 150w\" sizes=\"auto, (max-width: 600px) 100vw, 600px\" \/>\t\t\t\t\t\t\t\t\t\t\t\t\t\t\t<\/div>\n\t\t\t\t<\/div>\n\t\t\t\t<\/div>\n\t\t<div class=\"elementor-element elementor-element-75d5ddcb e-con-full e-flex e-con e-parent\" data-id=\"75d5ddcb\" data-element_type=\"container\" data-settings=\"{&quot;content_width&quot;:&quot;full&quot;}\" data-core-v316-plus=\"true\">\n\t\t\t\t<div class=\"elementor-element elementor-element-2dc0b3c7 elementor-widget elementor-widget-image\" data-id=\"2dc0b3c7\" data-element_type=\"widget\" data-widget_type=\"image.default\">\n\t\t\t\t<div class=\"elementor-widget-container\">\n\t\t\t\t\t\t\t\t\t\t\t\t\t\t\t<img loading=\"lazy\" decoding=\"async\" width=\"600\" height=\"600\" src=\"https:\/\/www.anglerverein-daskow.de\/wordpress\/wp-content\/uploads\/2023\/06\/WhatsApp-Image-2023-05-23-at-10.21.154-600x600.jpeg\" class=\"attachment-ocean-thumb-m size-ocean-thumb-m wp-image-1335\" alt=\"\" srcset=\"https:\/\/www.anglerverein-daskow.de\/wordpress\/wp-content\/uploads\/2023\/06\/WhatsApp-Image-2023-05-23-at-10.21.154-600x600.jpeg 600w, https:\/\/www.anglerverein-daskow.de\/wordpress\/wp-content\/uploads\/2023\/06\/WhatsApp-Image-2023-05-23-at-10.21.154-150x150.jpeg 150w\" sizes=\"auto, (max-width: 600px) 100vw, 600px\" \/>\t\t\t\t\t\t\t\t\t\t\t\t\t\t\t<\/div>\n\t\t\t\t<\/div>\n\t\t\t\t<div class=\"elementor-element elementor-element-3612d12 elementor-widget elementor-widget-image\" data-id=\"3612d12\" data-element_type=\"widget\" data-widget_type=\"image.default\">\n\t\t\t\t<div class=\"elementor-widget-container\">\n\t\t\t\t\t\t\t\t\t\t\t\t\t\t\t<img loading=\"lazy\" decoding=\"async\" width=\"600\" height=\"600\" src=\"https:\/\/www.anglerverein-daskow.de\/wordpress\/wp-content\/uploads\/2023\/06\/WhatsApp-Image-2023-05-23-at-10.21.151-600x600.jpeg\" class=\"attachment-ocean-thumb-m size-ocean-thumb-m wp-image-1332\" alt=\"\" srcset=\"https:\/\/www.anglerverein-daskow.de\/wordpress\/wp-content\/uploads\/2023\/06\/WhatsApp-Image-2023-05-23-at-10.21.151-600x600.jpeg 600w, https:\/\/www.anglerverein-daskow.de\/wordpress\/wp-content\/uploads\/2023\/06\/WhatsApp-Image-2023-05-23-at-10.21.151-150x150.jpeg 150w\" sizes=\"auto, (max-width: 600px) 100vw, 600px\" \/>\t\t\t\t\t\t\t\t\t\t\t\t\t\t\t<\/div>\n\t\t\t\t<\/div>\n\t\t\t\t<\/div>\n\t\t<div class=\"elementor-element elementor-element-3c78e686 e-con-full e-flex e-con e-parent\" data-id=\"3c78e686\" data-element_type=\"container\" data-settings=\"{&quot;content_width&quot;:&quot;full&quot;}\" data-core-v316-plus=\"true\">\n\t\t\t\t<\/div>\n\t\t<div class=\"elementor-element elementor-element-13dd7ebe e-con-full e-flex e-con e-parent\" data-id=\"13dd7ebe\" data-element_type=\"container\" data-settings=\"{&quot;content_width&quot;:&quot;full&quot;}\" data-core-v316-plus=\"true\">\n\t\t\t\t<\/div>\n\t\t\t\t\t<\/div>\n\t\t\t\t<\/div>\n\t\t\t\t\t\t\t<\/div>\n\t\t","protected":false},"excerpt":{"rendered":"<p>Tag der Gew\u00e4sserpflege am 25. Februar 2023 Am Tag der Gew\u00e4sserpflege haben wir versucht den Dorfteich vom M\u00fcll zu befreien, dabei kam sogar ein B\u00fcrostuhl zutage. Aus diesem Grund haben [&hellip;]<\/p>\n","protected":false},"author":3,"featured_media":0,"parent":2150,"menu_order":0,"comment_status":"closed","ping_status":"closed","template":"","meta":{"ngg_post_thumbnail":0,"footnotes":""},"class_list":["post-1356","page","type-page","status-publish","hentry","entry"],"_links":{"self":[{"href":"https:\/\/www.anglerverein-daskow.de\/wordpress\/index.php?rest_route=\/wp\/v2\/pages\/1356","targetHints":{"allow":["GET"]}}],"collection":[{"href":"https:\/\/www.anglerverein-daskow.de\/wordpress\/index.php?rest_route=\/wp\/v2\/pages"}],"about":[{"href":"https:\/\/www.anglerverein-daskow.de\/wordpress\/index.php?rest_route=\/wp\/v2\/types\/page"}],"author":[{"embeddable":true,"href":"https:\/\/www.anglerverein-daskow.de\/wordpress\/index.php?rest_route=\/wp\/v2\/users\/3"}],"replies":[{"embeddable":true,"href":"https:\/\/www.anglerverein-daskow.de\/wordpress\/index.php?rest_route=%2Fwp%2Fv2%2Fcomments&post=1356"}],"version-history":[{"count":11,"href":"https:\/\/www.anglerverein-daskow.de\/wordpress\/index.php?rest_route=\/wp\/v2\/pages\/1356\/revisions"}],"predecessor-version":[{"id":2192,"href":"https:\/\/www.anglerverein-daskow.de\/wordpress\/index.php?rest_route=\/wp\/v2\/pages\/1356\/revisions\/2192"}],"up":[{"embeddable":true,"href":"https:\/\/www.anglerverein-daskow.de\/wordpress\/index.php?rest_route=\/wp\/v2\/pages\/2150"}],"wp:attachment":[{"href":"https:\/\/www.anglerverein-daskow.de\/wordpress\/index.php?rest_route=%2Fwp%2Fv2%2Fmedia&parent=1356"}],"curies":[{"name":"wp","href":"https:\/\/api.w.org\/{rel}","templated":true}]}}