{"id":1734,"date":"2024-04-20T11:44:56","date_gmt":"2024-04-20T09:44:56","guid":{"rendered":"https:\/\/www.anglerverein-daskow.de\/wordpress\/?page_id=1734"},"modified":"2025-10-25T15:38:42","modified_gmt":"2025-10-25T13:38:42","slug":"tag-der-gewaesserpflege-24-02-24","status":"publish","type":"page","link":"https:\/\/www.anglerverein-daskow.de\/wordpress\/?page_id=1734","title":{"rendered":"Tag der Gew\u00e4sserpflege (24.02.24)"},"content":{"rendered":"\t\t<div data-elementor-type=\"wp-page\" data-elementor-id=\"1734\" class=\"elementor elementor-1734\">\n\t\t\t\t\t\t\t<div class=\"elementor-element elementor-element-57b170d6 e-flex e-con-boxed e-con e-parent\" data-id=\"57b170d6\" data-element_type=\"container\" data-settings=\"{&quot;content_width&quot;:&quot;boxed&quot;}\" data-core-v316-plus=\"true\">\n\t\t\t\t\t<div class=\"e-con-inner\">\n\t\t\t\t<div class=\"elementor-element elementor-element-556f7a59 elementor-widget elementor-widget-heading\" data-id=\"556f7a59\" data-element_type=\"widget\" data-widget_type=\"heading.default\">\n\t\t\t\t<div class=\"elementor-widget-container\">\n\t\t\t<style>\/*! elementor - v3.16.0 - 20-09-2023 *\/\n.elementor-heading-title{padding:0;margin:0;line-height:1}.elementor-widget-heading .elementor-heading-title[class*=elementor-size-]>a{color:inherit;font-size:inherit;line-height:inherit}.elementor-widget-heading .elementor-heading-title.elementor-size-small{font-size:15px}.elementor-widget-heading .elementor-heading-title.elementor-size-medium{font-size:19px}.elementor-widget-heading .elementor-heading-title.elementor-size-large{font-size:29px}.elementor-widget-heading .elementor-heading-title.elementor-size-xl{font-size:39px}.elementor-widget-heading .elementor-heading-title.elementor-size-xxl{font-size:59px}<\/style><h2 class=\"elementor-heading-title elementor-size-default\">Tag der Gew\u00e4sserpflege 24. Februar 2024<\/h2>\t\t<\/div>\n\t\t\t\t<\/div>\n\t\t\t\t<div class=\"elementor-element elementor-element-6c1cc9b elementor-widget elementor-widget-text-editor\" data-id=\"6c1cc9b\" data-element_type=\"widget\" data-widget_type=\"text-editor.default\">\n\t\t\t\t<div class=\"elementor-widget-container\">\n\t\t\t<style>\/*! elementor - v3.16.0 - 20-09-2023 *\/\n.elementor-widget-text-editor.elementor-drop-cap-view-stacked .elementor-drop-cap{background-color:#69727d;color:#fff}.elementor-widget-text-editor.elementor-drop-cap-view-framed .elementor-drop-cap{color:#69727d;border:3px solid;background-color:transparent}.elementor-widget-text-editor:not(.elementor-drop-cap-view-default) .elementor-drop-cap{margin-top:8px}.elementor-widget-text-editor:not(.elementor-drop-cap-view-default) .elementor-drop-cap-letter{width:1em;height:1em}.elementor-widget-text-editor .elementor-drop-cap{float:left;text-align:center;line-height:1;font-size:50px}.elementor-widget-text-editor .elementor-drop-cap-letter{display:inline-block}<\/style>\t\t\t\t<h5 style=\"text-align: center;\"><span style=\"color: #4977ad;\">Der M\u00fcll, den andere Menschen unachtsam in der Natur entsorgt haben, ist durch unsere <br \/>Mitglieder eingesammelt und ordnungsgem\u00e4\u00df entsorgt worden. Ein paar Mitglieder sind mit dem <br \/>Boot auf den Gew\u00e4ssern gewesen und haben diese auch von M\u00fcll befreit. Des Weiteren wurde die <br \/>Sicherheit am Dorfteich durch Entfernen von Totholz erh\u00f6ht und es sieht wieder ordentlich am <br \/>Vereinshaus aus. F\u00fcr die Natur haben wir dadurch viel geleistet. Dieser Tag war ein voller Erfolg. <br \/><\/span><\/h5><h5 style=\"text-align: center;\"><span style=\"color: #4977ad;\">Der Vorstand bedankt sich bei den flei\u00dfigen Unterst\u00fctzern f\u00fcr ihr Engagement und w\u00fcnscht Petri <br \/>Heil!<\/span><\/h5>\t\t\t\t\t\t<\/div>\n\t\t\t\t<\/div>\n\t\t\t\t\t<\/div>\n\t\t\t\t<\/div>\n\t\t<div class=\"elementor-element elementor-element-7abade9c e-flex e-con-boxed e-con e-parent\" data-id=\"7abade9c\" data-element_type=\"container\" data-settings=\"{&quot;content_width&quot;:&quot;boxed&quot;}\" data-core-v316-plus=\"true\">\n\t\t\t\t\t<div class=\"e-con-inner\">\n\t\t<div class=\"elementor-element elementor-element-60257410 e-con-full e-flex e-con e-child\" data-id=\"60257410\" data-element_type=\"container\" data-settings=\"{&quot;content_width&quot;:&quot;full&quot;}\">\n\t\t\t\t<div class=\"elementor-element elementor-element-32902a elementor-widget elementor-widget-image\" data-id=\"32902a\" data-element_type=\"widget\" data-widget_type=\"image.default\">\n\t\t\t\t<div class=\"elementor-widget-container\">\n\t\t\t<style>\/*! elementor - v3.16.0 - 20-09-2023 *\/\n.elementor-widget-image{text-align:center}.elementor-widget-image a{display:inline-block}.elementor-widget-image a img[src$=\".svg\"]{width:48px}.elementor-widget-image img{vertical-align:middle;display:inline-block}<\/style>\t\t\t\t\t\t\t\t\t\t\t\t<img loading=\"lazy\" decoding=\"async\" width=\"600\" height=\"600\" src=\"https:\/\/www.anglerverein-daskow.de\/wordpress\/wp-content\/uploads\/2024\/04\/WhatsApp-Image-2024-04-20-at-07.54.22-1-600x600.jpeg\" class=\"attachment-ocean-thumb-m size-ocean-thumb-m wp-image-1742\" alt=\"\" srcset=\"https:\/\/www.anglerverein-daskow.de\/wordpress\/wp-content\/uploads\/2024\/04\/WhatsApp-Image-2024-04-20-at-07.54.22-1-600x600.jpeg 600w, https:\/\/www.anglerverein-daskow.de\/wordpress\/wp-content\/uploads\/2024\/04\/WhatsApp-Image-2024-04-20-at-07.54.22-1-150x150.jpeg 150w\" sizes=\"auto, (max-width: 600px) 100vw, 600px\" \/>\t\t\t\t\t\t\t\t\t\t\t\t\t\t\t<\/div>\n\t\t\t\t<\/div>\n\t\t\t\t<div class=\"elementor-element elementor-element-78ac259d elementor-widget elementor-widget-image\" data-id=\"78ac259d\" data-element_type=\"widget\" data-widget_type=\"image.default\">\n\t\t\t\t<div class=\"elementor-widget-container\">\n\t\t\t\t\t\t\t\t\t\t\t\t\t\t\t<img loading=\"lazy\" decoding=\"async\" width=\"600\" height=\"600\" src=\"https:\/\/www.anglerverein-daskow.de\/wordpress\/wp-content\/uploads\/2024\/04\/WhatsApp-Image-2024-04-20-at-08.03.56-600x600.jpeg\" class=\"attachment-ocean-thumb-m size-ocean-thumb-m wp-image-1747\" alt=\"\" srcset=\"https:\/\/www.anglerverein-daskow.de\/wordpress\/wp-content\/uploads\/2024\/04\/WhatsApp-Image-2024-04-20-at-08.03.56-600x600.jpeg 600w, https:\/\/www.anglerverein-daskow.de\/wordpress\/wp-content\/uploads\/2024\/04\/WhatsApp-Image-2024-04-20-at-08.03.56-150x150.jpeg 150w\" sizes=\"auto, (max-width: 600px) 100vw, 600px\" \/>\t\t\t\t\t\t\t\t\t\t\t\t\t\t\t<\/div>\n\t\t\t\t<\/div>\n\t\t\t\t<div class=\"elementor-element elementor-element-3721c6d7 elementor-widget elementor-widget-image\" data-id=\"3721c6d7\" data-element_type=\"widget\" data-widget_type=\"image.default\">\n\t\t\t\t<div class=\"elementor-widget-container\">\n\t\t\t\t\t\t\t\t\t\t\t\t\t\t\t<img loading=\"lazy\" decoding=\"async\" width=\"600\" height=\"600\" src=\"https:\/\/www.anglerverein-daskow.de\/wordpress\/wp-content\/uploads\/2024\/04\/WhatsApp-Image-2024-04-20-at-07.56.34-3-600x600.jpeg\" class=\"attachment-ocean-thumb-m size-ocean-thumb-m wp-image-1745\" alt=\"\" srcset=\"https:\/\/www.anglerverein-daskow.de\/wordpress\/wp-content\/uploads\/2024\/04\/WhatsApp-Image-2024-04-20-at-07.56.34-3-600x600.jpeg 600w, https:\/\/www.anglerverein-daskow.de\/wordpress\/wp-content\/uploads\/2024\/04\/WhatsApp-Image-2024-04-20-at-07.56.34-3-150x150.jpeg 150w\" sizes=\"auto, (max-width: 600px) 100vw, 600px\" \/>\t\t\t\t\t\t\t\t\t\t\t\t\t\t\t<\/div>\n\t\t\t\t<\/div>\n\t\t\t\t<\/div>\n\t\t<div class=\"elementor-element elementor-element-2ec793c6 e-con-full e-flex e-con e-child\" data-id=\"2ec793c6\" data-element_type=\"container\" data-settings=\"{&quot;content_width&quot;:&quot;full&quot;}\">\n\t\t\t\t<div class=\"elementor-element elementor-element-1ac817fa elementor-widget elementor-widget-image\" data-id=\"1ac817fa\" data-element_type=\"widget\" data-widget_type=\"image.default\">\n\t\t\t\t<div class=\"elementor-widget-container\">\n\t\t\t\t\t\t\t\t\t\t\t\t\t\t\t<img loading=\"lazy\" decoding=\"async\" width=\"600\" height=\"600\" src=\"https:\/\/www.anglerverein-daskow.de\/wordpress\/wp-content\/uploads\/2024\/04\/WhatsApp-Image-2024-04-20-at-07.54.22-600x600.jpeg\" class=\"attachment-ocean-thumb-m size-ocean-thumb-m wp-image-1743\" alt=\"\" srcset=\"https:\/\/www.anglerverein-daskow.de\/wordpress\/wp-content\/uploads\/2024\/04\/WhatsApp-Image-2024-04-20-at-07.54.22-600x600.jpeg 600w, https:\/\/www.anglerverein-daskow.de\/wordpress\/wp-content\/uploads\/2024\/04\/WhatsApp-Image-2024-04-20-at-07.54.22-150x150.jpeg 150w\" sizes=\"auto, (max-width: 600px) 100vw, 600px\" \/>\t\t\t\t\t\t\t\t\t\t\t\t\t\t\t<\/div>\n\t\t\t\t<\/div>\n\t\t\t\t<div class=\"elementor-element elementor-element-7bfd1afa elementor-widget elementor-widget-image\" data-id=\"7bfd1afa\" data-element_type=\"widget\" data-widget_type=\"image.default\">\n\t\t\t\t<div class=\"elementor-widget-container\">\n\t\t\t\t\t\t\t\t\t\t\t\t\t\t\t<img loading=\"lazy\" decoding=\"async\" width=\"600\" height=\"600\" src=\"https:\/\/www.anglerverein-daskow.de\/wordpress\/wp-content\/uploads\/2024\/04\/WhatsApp-Image-2024-04-20-at-07.56.34-2-600x600.jpeg\" class=\"attachment-ocean-thumb-m size-ocean-thumb-m wp-image-1744\" alt=\"\" srcset=\"https:\/\/www.anglerverein-daskow.de\/wordpress\/wp-content\/uploads\/2024\/04\/WhatsApp-Image-2024-04-20-at-07.56.34-2-600x600.jpeg 600w, https:\/\/www.anglerverein-daskow.de\/wordpress\/wp-content\/uploads\/2024\/04\/WhatsApp-Image-2024-04-20-at-07.56.34-2-150x150.jpeg 150w\" sizes=\"auto, (max-width: 600px) 100vw, 600px\" \/>\t\t\t\t\t\t\t\t\t\t\t\t\t\t\t<\/div>\n\t\t\t\t<\/div>\n\t\t\t\t<div class=\"elementor-element elementor-element-383c3a2e elementor-widget elementor-widget-image\" data-id=\"383c3a2e\" data-element_type=\"widget\" data-widget_type=\"image.default\">\n\t\t\t\t<div class=\"elementor-widget-container\">\n\t\t\t\t\t\t\t\t\t\t\t\t\t\t\t<img loading=\"lazy\" decoding=\"async\" width=\"600\" height=\"600\" src=\"https:\/\/www.anglerverein-daskow.de\/wordpress\/wp-content\/uploads\/2024\/04\/WhatsApp-Image-2024-04-20-at-08.03.57-1-600x600.jpeg\" class=\"attachment-ocean-thumb-m size-ocean-thumb-m wp-image-1748\" alt=\"\" srcset=\"https:\/\/www.anglerverein-daskow.de\/wordpress\/wp-content\/uploads\/2024\/04\/WhatsApp-Image-2024-04-20-at-08.03.57-1-600x600.jpeg 600w, https:\/\/www.anglerverein-daskow.de\/wordpress\/wp-content\/uploads\/2024\/04\/WhatsApp-Image-2024-04-20-at-08.03.57-1-150x150.jpeg 150w\" sizes=\"auto, (max-width: 600px) 100vw, 600px\" \/>\t\t\t\t\t\t\t\t\t\t\t\t\t\t\t<\/div>\n\t\t\t\t<\/div>\n\t\t\t\t<\/div>\n\t\t<div class=\"elementor-element elementor-element-be24dc1 e-con-full e-flex e-con e-child\" data-id=\"be24dc1\" data-element_type=\"container\" data-settings=\"{&quot;content_width&quot;:&quot;full&quot;}\">\n\t\t\t\t<div class=\"elementor-element elementor-element-1afcb854 elementor-widget elementor-widget-image\" data-id=\"1afcb854\" data-element_type=\"widget\" data-widget_type=\"image.default\">\n\t\t\t\t<div class=\"elementor-widget-container\">\n\t\t\t\t\t\t\t\t\t\t\t\t\t\t\t<img loading=\"lazy\" decoding=\"async\" width=\"600\" height=\"600\" src=\"https:\/\/www.anglerverein-daskow.de\/wordpress\/wp-content\/uploads\/2024\/04\/WhatsApp-Image-2024-04-20-at-07.56.34-600x600.jpeg\" class=\"attachment-ocean-thumb-m size-ocean-thumb-m wp-image-1746\" alt=\"\" srcset=\"https:\/\/www.anglerverein-daskow.de\/wordpress\/wp-content\/uploads\/2024\/04\/WhatsApp-Image-2024-04-20-at-07.56.34-600x600.jpeg 600w, https:\/\/www.anglerverein-daskow.de\/wordpress\/wp-content\/uploads\/2024\/04\/WhatsApp-Image-2024-04-20-at-07.56.34-150x150.jpeg 150w\" sizes=\"auto, (max-width: 600px) 100vw, 600px\" \/>\t\t\t\t\t\t\t\t\t\t\t\t\t\t\t<\/div>\n\t\t\t\t<\/div>\n\t\t\t\t<div class=\"elementor-element elementor-element-6741c0c2 elementor-widget elementor-widget-image\" data-id=\"6741c0c2\" data-element_type=\"widget\" data-widget_type=\"image.default\">\n\t\t\t\t<div class=\"elementor-widget-container\">\n\t\t\t\t\t\t\t\t\t\t\t\t\t\t\t<img loading=\"lazy\" decoding=\"async\" width=\"600\" height=\"600\" src=\"https:\/\/www.anglerverein-daskow.de\/wordpress\/wp-content\/uploads\/2024\/04\/WhatsApp-Image-2024-04-20-at-08.03.57-600x600.jpeg\" class=\"attachment-ocean-thumb-m size-ocean-thumb-m wp-image-1749\" alt=\"\" srcset=\"https:\/\/www.anglerverein-daskow.de\/wordpress\/wp-content\/uploads\/2024\/04\/WhatsApp-Image-2024-04-20-at-08.03.57-600x600.jpeg 600w, https:\/\/www.anglerverein-daskow.de\/wordpress\/wp-content\/uploads\/2024\/04\/WhatsApp-Image-2024-04-20-at-08.03.57-150x150.jpeg 150w\" sizes=\"auto, (max-width: 600px) 100vw, 600px\" \/>\t\t\t\t\t\t\t\t\t\t\t\t\t\t\t<\/div>\n\t\t\t\t<\/div>\n\t\t\t\t<div class=\"elementor-element elementor-element-7893b217 elementor-widget elementor-widget-image\" data-id=\"7893b217\" data-element_type=\"widget\" data-widget_type=\"image.default\">\n\t\t\t\t<div class=\"elementor-widget-container\">\n\t\t\t\t\t\t\t\t\t\t\t\t\t\t\t<img loading=\"lazy\" decoding=\"async\" width=\"600\" height=\"600\" src=\"https:\/\/www.anglerverein-daskow.de\/wordpress\/wp-content\/uploads\/2024\/04\/Tag-der-Gewaesserpflege-600x600.jpeg\" class=\"attachment-ocean-thumb-m size-ocean-thumb-m wp-image-1741\" alt=\"\" srcset=\"https:\/\/www.anglerverein-daskow.de\/wordpress\/wp-content\/uploads\/2024\/04\/Tag-der-Gewaesserpflege-600x600.jpeg 600w, https:\/\/www.anglerverein-daskow.de\/wordpress\/wp-content\/uploads\/2024\/04\/Tag-der-Gewaesserpflege-150x150.jpeg 150w\" sizes=\"auto, (max-width: 600px) 100vw, 600px\" \/>\t\t\t\t\t\t\t\t\t\t\t\t\t\t\t<\/div>\n\t\t\t\t<\/div>\n\t\t\t\t<\/div>\n\t\t<div class=\"elementor-element elementor-element-fc87b16 e-con-full e-flex e-con e-child\" data-id=\"fc87b16\" data-element_type=\"container\" data-settings=\"{&quot;content_width&quot;:&quot;full&quot;}\">\n\t\t\t\t<\/div>\n\t\t<div class=\"elementor-element elementor-element-571965f4 e-con-full e-flex e-con e-child\" data-id=\"571965f4\" data-element_type=\"container\" data-settings=\"{&quot;content_width&quot;:&quot;full&quot;}\">\n\t\t\t\t<\/div>\n\t\t\t\t\t<\/div>\n\t\t\t\t<\/div>\n\t\t\t\t\t\t\t<\/div>\n\t\t","protected":false},"excerpt":{"rendered":"<p>Tag der Gew\u00e4sserpflege 24. Februar 2024 Der M\u00fcll, den andere Menschen unachtsam in der Natur entsorgt haben, ist durch unsere Mitglieder eingesammelt und ordnungsgem\u00e4\u00df entsorgt worden. Ein paar Mitglieder sind [&hellip;]<\/p>\n","protected":false},"author":3,"featured_media":0,"parent":2197,"menu_order":0,"comment_status":"closed","ping_status":"closed","template":"","meta":{"ngg_post_thumbnail":0,"footnotes":""},"class_list":["post-1734","page","type-page","status-publish","hentry","entry"],"_links":{"self":[{"href":"https:\/\/www.anglerverein-daskow.de\/wordpress\/index.php?rest_route=\/wp\/v2\/pages\/1734","targetHints":{"allow":["GET"]}}],"collection":[{"href":"https:\/\/www.anglerverein-daskow.de\/wordpress\/index.php?rest_route=\/wp\/v2\/pages"}],"about":[{"href":"https:\/\/www.anglerverein-daskow.de\/wordpress\/index.php?rest_route=\/wp\/v2\/types\/page"}],"author":[{"embeddable":true,"href":"https:\/\/www.anglerverein-daskow.de\/wordpress\/index.php?rest_route=\/wp\/v2\/users\/3"}],"replies":[{"embeddable":true,"href":"https:\/\/www.anglerverein-daskow.de\/wordpress\/index.php?rest_route=%2Fwp%2Fv2%2Fcomments&post=1734"}],"version-history":[{"count":6,"href":"https:\/\/www.anglerverein-daskow.de\/wordpress\/index.php?rest_route=\/wp\/v2\/pages\/1734\/revisions"}],"predecessor-version":[{"id":2222,"href":"https:\/\/www.anglerverein-daskow.de\/wordpress\/index.php?rest_route=\/wp\/v2\/pages\/1734\/revisions\/2222"}],"up":[{"embeddable":true,"href":"https:\/\/www.anglerverein-daskow.de\/wordpress\/index.php?rest_route=\/wp\/v2\/pages\/2197"}],"wp:attachment":[{"href":"https:\/\/www.anglerverein-daskow.de\/wordpress\/index.php?rest_route=%2Fwp%2Fv2%2Fmedia&parent=1734"}],"curies":[{"name":"wp","href":"https:\/\/api.w.org\/{rel}","templated":true}]}}