{"id":1760,"date":"2024-04-20T13:26:23","date_gmt":"2024-04-20T11:26:23","guid":{"rendered":"https:\/\/www.anglerverein-daskow.de\/wordpress\/?page_id=1760"},"modified":"2025-10-25T15:35:32","modified_gmt":"2025-10-25T13:35:32","slug":"anangeln-06-04-24","status":"publish","type":"page","link":"https:\/\/www.anglerverein-daskow.de\/wordpress\/?page_id=1760","title":{"rendered":"Anangeln (06.04.24)"},"content":{"rendered":"\t\t<div data-elementor-type=\"wp-page\" data-elementor-id=\"1760\" class=\"elementor elementor-1760\">\n\t\t\t\t\t\t\t<div class=\"elementor-element elementor-element-1add4b88 e-flex e-con-boxed e-con e-parent\" data-id=\"1add4b88\" data-element_type=\"container\" data-settings=\"{&quot;content_width&quot;:&quot;boxed&quot;}\" data-core-v316-plus=\"true\">\n\t\t\t\t\t<div class=\"e-con-inner\">\n\t\t\t\t<div class=\"elementor-element elementor-element-62053bd0 elementor-widget elementor-widget-heading\" data-id=\"62053bd0\" data-element_type=\"widget\" data-widget_type=\"heading.default\">\n\t\t\t\t<div class=\"elementor-widget-container\">\n\t\t\t<style>\/*! elementor - v3.16.0 - 20-09-2023 *\/\n.elementor-heading-title{padding:0;margin:0;line-height:1}.elementor-widget-heading .elementor-heading-title[class*=elementor-size-]>a{color:inherit;font-size:inherit;line-height:inherit}.elementor-widget-heading .elementor-heading-title.elementor-size-small{font-size:15px}.elementor-widget-heading .elementor-heading-title.elementor-size-medium{font-size:19px}.elementor-widget-heading .elementor-heading-title.elementor-size-large{font-size:29px}.elementor-widget-heading .elementor-heading-title.elementor-size-xl{font-size:39px}.elementor-widget-heading .elementor-heading-title.elementor-size-xxl{font-size:59px}<\/style><h2 class=\"elementor-heading-title elementor-size-default\">Anangeln 06. April 2024<\/h2>\t\t<\/div>\n\t\t\t\t<\/div>\n\t\t\t\t<div class=\"elementor-element elementor-element-588f856b elementor-widget elementor-widget-text-editor\" data-id=\"588f856b\" data-element_type=\"widget\" data-widget_type=\"text-editor.default\">\n\t\t\t\t<div class=\"elementor-widget-container\">\n\t\t\t<style>\/*! elementor - v3.16.0 - 20-09-2023 *\/\n.elementor-widget-text-editor.elementor-drop-cap-view-stacked .elementor-drop-cap{background-color:#69727d;color:#fff}.elementor-widget-text-editor.elementor-drop-cap-view-framed .elementor-drop-cap{color:#69727d;border:3px solid;background-color:transparent}.elementor-widget-text-editor:not(.elementor-drop-cap-view-default) .elementor-drop-cap{margin-top:8px}.elementor-widget-text-editor:not(.elementor-drop-cap-view-default) .elementor-drop-cap-letter{width:1em;height:1em}.elementor-widget-text-editor .elementor-drop-cap{float:left;text-align:center;line-height:1;font-size:50px}.elementor-widget-text-editor .elementor-drop-cap-letter{display:inline-block}<\/style>\t\t\t\t<h5 style=\"text-align: center;\"><span style=\"color: #4977ad;\">Guten Tag Angelfreunde. Unser allj\u00e4hrlicher Start ins Angeljahr (Anangeln) war leider sehr sp\u00e4rlich besucht. Bei sch\u00f6nstem Wetter hatten aber auf jeden Fall alle ihren Spa\u00df. Es wurde geplaudert und gefachsimpelt. Die F\u00e4nge hielten sich leider etwas in Grenzen, waren aber nur Nebensache. Alle haben das super Fr\u00fchlingswetter und die wundersch\u00f6ne Natur genossen. <\/span><\/h5><h5 style=\"text-align: center;\"><span style=\"color: #4977ad;\">Wir, der Vorstand, bedanken uns bei den Teilnehmern!<\/span><\/h5>\t\t\t\t\t\t<\/div>\n\t\t\t\t<\/div>\n\t\t\t\t\t<\/div>\n\t\t\t\t<\/div>\n\t\t<div class=\"elementor-element elementor-element-47328571 e-flex e-con-boxed e-con e-parent\" data-id=\"47328571\" data-element_type=\"container\" data-settings=\"{&quot;content_width&quot;:&quot;boxed&quot;}\" data-core-v316-plus=\"true\">\n\t\t\t\t\t<div class=\"e-con-inner\">\n\t\t<div class=\"elementor-element elementor-element-3724e39f e-con-full e-flex e-con e-child\" data-id=\"3724e39f\" data-element_type=\"container\" data-settings=\"{&quot;content_width&quot;:&quot;full&quot;}\">\n\t\t\t\t<div class=\"elementor-element elementor-element-2cf46e55 elementor-widget elementor-widget-image\" data-id=\"2cf46e55\" data-element_type=\"widget\" data-widget_type=\"image.default\">\n\t\t\t\t<div class=\"elementor-widget-container\">\n\t\t\t<style>\/*! elementor - v3.16.0 - 20-09-2023 *\/\n.elementor-widget-image{text-align:center}.elementor-widget-image a{display:inline-block}.elementor-widget-image a img[src$=\".svg\"]{width:48px}.elementor-widget-image img{vertical-align:middle;display:inline-block}<\/style>\t\t\t\t\t\t\t\t\t\t\t\t<img loading=\"lazy\" decoding=\"async\" width=\"600\" height=\"600\" src=\"https:\/\/www.anglerverein-daskow.de\/wordpress\/wp-content\/uploads\/2024\/04\/WhatsApp-Image-2024-04-20-at-07.54.20-600x600.jpeg\" class=\"attachment-ocean-thumb-m size-ocean-thumb-m wp-image-1764\" alt=\"\" srcset=\"https:\/\/www.anglerverein-daskow.de\/wordpress\/wp-content\/uploads\/2024\/04\/WhatsApp-Image-2024-04-20-at-07.54.20-600x600.jpeg 600w, https:\/\/www.anglerverein-daskow.de\/wordpress\/wp-content\/uploads\/2024\/04\/WhatsApp-Image-2024-04-20-at-07.54.20-150x150.jpeg 150w\" sizes=\"auto, (max-width: 600px) 100vw, 600px\" \/>\t\t\t\t\t\t\t\t\t\t\t\t\t\t\t<\/div>\n\t\t\t\t<\/div>\n\t\t\t\t<\/div>\n\t\t<div class=\"elementor-element elementor-element-25dce5fd e-con-full e-flex e-con e-child\" data-id=\"25dce5fd\" data-element_type=\"container\" data-settings=\"{&quot;content_width&quot;:&quot;full&quot;}\">\n\t\t\t\t<div class=\"elementor-element elementor-element-3e177ff3 elementor-widget elementor-widget-image\" data-id=\"3e177ff3\" data-element_type=\"widget\" data-widget_type=\"image.default\">\n\t\t\t\t<div class=\"elementor-widget-container\">\n\t\t\t\t\t\t\t\t\t\t\t\t\t\t\t<img loading=\"lazy\" decoding=\"async\" width=\"600\" height=\"600\" src=\"https:\/\/www.anglerverein-daskow.de\/wordpress\/wp-content\/uploads\/2024\/04\/WhatsApp-Image-2024-04-07-at-07.34.06-600x600.jpeg\" class=\"attachment-ocean-thumb-m size-ocean-thumb-m wp-image-1763\" alt=\"\" srcset=\"https:\/\/www.anglerverein-daskow.de\/wordpress\/wp-content\/uploads\/2024\/04\/WhatsApp-Image-2024-04-07-at-07.34.06-600x600.jpeg 600w, https:\/\/www.anglerverein-daskow.de\/wordpress\/wp-content\/uploads\/2024\/04\/WhatsApp-Image-2024-04-07-at-07.34.06-150x150.jpeg 150w\" sizes=\"auto, (max-width: 600px) 100vw, 600px\" \/>\t\t\t\t\t\t\t\t\t\t\t\t\t\t\t<\/div>\n\t\t\t\t<\/div>\n\t\t\t\t<\/div>\n\t\t<div class=\"elementor-element elementor-element-506082a6 e-con-full e-flex e-con e-child\" data-id=\"506082a6\" data-element_type=\"container\" data-settings=\"{&quot;content_width&quot;:&quot;full&quot;}\">\n\t\t\t\t<\/div>\n\t\t<div class=\"elementor-element elementor-element-7e673b4f e-con-full e-flex e-con e-child\" data-id=\"7e673b4f\" data-element_type=\"container\" data-settings=\"{&quot;content_width&quot;:&quot;full&quot;}\">\n\t\t\t\t<\/div>\n\t\t<div class=\"elementor-element elementor-element-48035d90 e-con-full e-flex e-con e-child\" data-id=\"48035d90\" data-element_type=\"container\" data-settings=\"{&quot;content_width&quot;:&quot;full&quot;}\">\n\t\t\t\t<\/div>\n\t\t\t\t\t<\/div>\n\t\t\t\t<\/div>\n\t\t\t\t\t\t\t<\/div>\n\t\t","protected":false},"excerpt":{"rendered":"<p>Anangeln 06. April 2024 Guten Tag Angelfreunde. Unser allj\u00e4hrlicher Start ins Angeljahr (Anangeln) war leider sehr sp\u00e4rlich besucht. Bei sch\u00f6nstem Wetter hatten aber auf jeden Fall alle ihren Spa\u00df. Es [&hellip;]<\/p>\n","protected":false},"author":3,"featured_media":0,"parent":2197,"menu_order":0,"comment_status":"closed","ping_status":"closed","template":"","meta":{"ngg_post_thumbnail":0,"footnotes":""},"class_list":["post-1760","page","type-page","status-publish","hentry","entry"],"_links":{"self":[{"href":"https:\/\/www.anglerverein-daskow.de\/wordpress\/index.php?rest_route=\/wp\/v2\/pages\/1760","targetHints":{"allow":["GET"]}}],"collection":[{"href":"https:\/\/www.anglerverein-daskow.de\/wordpress\/index.php?rest_route=\/wp\/v2\/pages"}],"about":[{"href":"https:\/\/www.anglerverein-daskow.de\/wordpress\/index.php?rest_route=\/wp\/v2\/types\/page"}],"author":[{"embeddable":true,"href":"https:\/\/www.anglerverein-daskow.de\/wordpress\/index.php?rest_route=\/wp\/v2\/users\/3"}],"replies":[{"embeddable":true,"href":"https:\/\/www.anglerverein-daskow.de\/wordpress\/index.php?rest_route=%2Fwp%2Fv2%2Fcomments&post=1760"}],"version-history":[{"count":5,"href":"https:\/\/www.anglerverein-daskow.de\/wordpress\/index.php?rest_route=\/wp\/v2\/pages\/1760\/revisions"}],"predecessor-version":[{"id":2209,"href":"https:\/\/www.anglerverein-daskow.de\/wordpress\/index.php?rest_route=\/wp\/v2\/pages\/1760\/revisions\/2209"}],"up":[{"embeddable":true,"href":"https:\/\/www.anglerverein-daskow.de\/wordpress\/index.php?rest_route=\/wp\/v2\/pages\/2197"}],"wp:attachment":[{"href":"https:\/\/www.anglerverein-daskow.de\/wordpress\/index.php?rest_route=%2Fwp%2Fv2%2Fmedia&parent=1760"}],"curies":[{"name":"wp","href":"https:\/\/api.w.org\/{rel}","templated":true}]}}