{"id":1781,"date":"2024-04-20T13:38:16","date_gmt":"2024-04-20T11:38:16","guid":{"rendered":"https:\/\/www.anglerverein-daskow.de\/wordpress\/?page_id=1781"},"modified":"2025-10-25T15:36:32","modified_gmt":"2025-10-25T13:36:32","slug":"arbeitseinsatz-20-04-24","status":"publish","type":"page","link":"https:\/\/www.anglerverein-daskow.de\/wordpress\/?page_id=1781","title":{"rendered":"Arbeitseinsatz (20.04.24)"},"content":{"rendered":"\t\t<div data-elementor-type=\"wp-page\" data-elementor-id=\"1781\" class=\"elementor elementor-1781\">\n\t\t\t\t\t\t\t<div class=\"elementor-element elementor-element-d39f3ba e-flex e-con-boxed e-con e-parent\" data-id=\"d39f3ba\" data-element_type=\"container\" data-settings=\"{&quot;content_width&quot;:&quot;boxed&quot;}\" data-core-v316-plus=\"true\">\n\t\t\t\t\t<div class=\"e-con-inner\">\n\t\t\t\t<div class=\"elementor-element elementor-element-790e9512 elementor-widget elementor-widget-heading\" data-id=\"790e9512\" data-element_type=\"widget\" data-widget_type=\"heading.default\">\n\t\t\t\t<div class=\"elementor-widget-container\">\n\t\t\t<style>\/*! elementor - v3.16.0 - 20-09-2023 *\/\n.elementor-heading-title{padding:0;margin:0;line-height:1}.elementor-widget-heading .elementor-heading-title[class*=elementor-size-]>a{color:inherit;font-size:inherit;line-height:inherit}.elementor-widget-heading .elementor-heading-title.elementor-size-small{font-size:15px}.elementor-widget-heading .elementor-heading-title.elementor-size-medium{font-size:19px}.elementor-widget-heading .elementor-heading-title.elementor-size-large{font-size:29px}.elementor-widget-heading .elementor-heading-title.elementor-size-xl{font-size:39px}.elementor-widget-heading .elementor-heading-title.elementor-size-xxl{font-size:59px}<\/style><h2 class=\"elementor-heading-title elementor-size-default\">Arbeitseinsatz 20. April 2024<\/h2>\t\t<\/div>\n\t\t\t\t<\/div>\n\t\t\t\t<div class=\"elementor-element elementor-element-3722daff elementor-widget elementor-widget-text-editor\" data-id=\"3722daff\" data-element_type=\"widget\" data-widget_type=\"text-editor.default\">\n\t\t\t\t<div class=\"elementor-widget-container\">\n\t\t\t<style>\/*! elementor - v3.16.0 - 20-09-2023 *\/\n.elementor-widget-text-editor.elementor-drop-cap-view-stacked .elementor-drop-cap{background-color:#69727d;color:#fff}.elementor-widget-text-editor.elementor-drop-cap-view-framed .elementor-drop-cap{color:#69727d;border:3px solid;background-color:transparent}.elementor-widget-text-editor:not(.elementor-drop-cap-view-default) .elementor-drop-cap{margin-top:8px}.elementor-widget-text-editor:not(.elementor-drop-cap-view-default) .elementor-drop-cap-letter{width:1em;height:1em}.elementor-widget-text-editor .elementor-drop-cap{float:left;text-align:center;line-height:1;font-size:50px}.elementor-widget-text-editor .elementor-drop-cap-letter{display:inline-block}<\/style>\t\t\t\t<h5 style=\"text-align: center;\"><span style=\"color: #4977ad; font-size: 16px;\">Am heutigen Samstag den 20.04. haben 5 Angelfreunde ihre Arbeitsstunden geleistet. Es wurden die gro\u00dfen Fenster in unserem Lager gereinigt, f\u00fcr Beleuchtung auf der R\u00fcckseite gesorgt, die gro\u00dfe Sitzgruppe zum Verweilen am Dorfteich aufgestellt, das Lager aufger\u00e4umt und ges\u00e4ubert und die Gehwege von Unkraut befreit. Dadurch kamen wieder 14 gemeinn\u00fctzige Aufbaustunden zusammen. Damit ist das Dorf wieder etwas sch\u00f6ner geworden. <\/span><\/h5><h5 style=\"text-align: center;\"><span style=\"color: #4977ad; font-size: 16px;\">Vielen Dank an alle Beteiligten!<\/span><\/h5>\t\t\t\t\t\t<\/div>\n\t\t\t\t<\/div>\n\t\t\t\t\t<\/div>\n\t\t\t\t<\/div>\n\t\t<div class=\"elementor-element elementor-element-4a24a68f e-flex e-con-boxed e-con e-parent\" data-id=\"4a24a68f\" data-element_type=\"container\" data-settings=\"{&quot;content_width&quot;:&quot;boxed&quot;}\" data-core-v316-plus=\"true\">\n\t\t\t\t\t<div class=\"e-con-inner\">\n\t\t<div class=\"elementor-element elementor-element-41fd2b89 e-con-full e-flex e-con e-child\" data-id=\"41fd2b89\" data-element_type=\"container\" data-settings=\"{&quot;content_width&quot;:&quot;full&quot;}\">\n\t\t\t\t<div class=\"elementor-element elementor-element-2dc66e2a elementor-widget elementor-widget-image\" data-id=\"2dc66e2a\" data-element_type=\"widget\" data-widget_type=\"image.default\">\n\t\t\t\t<div class=\"elementor-widget-container\">\n\t\t\t<style>\/*! elementor - v3.16.0 - 20-09-2023 *\/\n.elementor-widget-image{text-align:center}.elementor-widget-image a{display:inline-block}.elementor-widget-image a img[src$=\".svg\"]{width:48px}.elementor-widget-image img{vertical-align:middle;display:inline-block}<\/style>\t\t\t\t\t\t\t\t\t\t\t\t<img loading=\"lazy\" decoding=\"async\" width=\"600\" height=\"600\" src=\"https:\/\/www.anglerverein-daskow.de\/wordpress\/wp-content\/uploads\/2024\/04\/WhatsApp-Image-2024-04-20-at-13.11.54-600x600.jpeg\" class=\"attachment-ocean-thumb-m size-ocean-thumb-m wp-image-1777\" alt=\"\" srcset=\"https:\/\/www.anglerverein-daskow.de\/wordpress\/wp-content\/uploads\/2024\/04\/WhatsApp-Image-2024-04-20-at-13.11.54-600x600.jpeg 600w, https:\/\/www.anglerverein-daskow.de\/wordpress\/wp-content\/uploads\/2024\/04\/WhatsApp-Image-2024-04-20-at-13.11.54-150x150.jpeg 150w\" sizes=\"auto, (max-width: 600px) 100vw, 600px\" \/>\t\t\t\t\t\t\t\t\t\t\t\t\t\t\t<\/div>\n\t\t\t\t<\/div>\n\t\t\t\t<div class=\"elementor-element elementor-element-8107c99 elementor-widget elementor-widget-image\" data-id=\"8107c99\" data-element_type=\"widget\" data-widget_type=\"image.default\">\n\t\t\t\t<div class=\"elementor-widget-container\">\n\t\t\t\t\t\t\t\t\t\t\t\t\t\t\t<img loading=\"lazy\" decoding=\"async\" width=\"600\" height=\"600\" src=\"https:\/\/www.anglerverein-daskow.de\/wordpress\/wp-content\/uploads\/2024\/04\/WhatsApp-Image-2024-04-20-at-13.11.54-1-600x600.jpeg\" class=\"attachment-ocean-thumb-m size-ocean-thumb-m wp-image-1774\" alt=\"\" srcset=\"https:\/\/www.anglerverein-daskow.de\/wordpress\/wp-content\/uploads\/2024\/04\/WhatsApp-Image-2024-04-20-at-13.11.54-1-600x600.jpeg 600w, https:\/\/www.anglerverein-daskow.de\/wordpress\/wp-content\/uploads\/2024\/04\/WhatsApp-Image-2024-04-20-at-13.11.54-1-150x150.jpeg 150w\" sizes=\"auto, (max-width: 600px) 100vw, 600px\" \/>\t\t\t\t\t\t\t\t\t\t\t\t\t\t\t<\/div>\n\t\t\t\t<\/div>\n\t\t\t\t<\/div>\n\t\t<div class=\"elementor-element elementor-element-3ca3a51d e-con-full e-flex e-con e-child\" data-id=\"3ca3a51d\" data-element_type=\"container\" data-settings=\"{&quot;content_width&quot;:&quot;full&quot;}\">\n\t\t\t\t<div class=\"elementor-element elementor-element-52351937 elementor-widget elementor-widget-image\" data-id=\"52351937\" data-element_type=\"widget\" data-widget_type=\"image.default\">\n\t\t\t\t<div class=\"elementor-widget-container\">\n\t\t\t\t\t\t\t\t\t\t\t\t\t\t\t<img loading=\"lazy\" decoding=\"async\" width=\"600\" height=\"600\" src=\"https:\/\/www.anglerverein-daskow.de\/wordpress\/wp-content\/uploads\/2024\/04\/WhatsApp-Image-2024-04-20-at-13.11.54-3-600x600.jpeg\" class=\"attachment-ocean-thumb-m size-ocean-thumb-m wp-image-1776\" alt=\"\" srcset=\"https:\/\/www.anglerverein-daskow.de\/wordpress\/wp-content\/uploads\/2024\/04\/WhatsApp-Image-2024-04-20-at-13.11.54-3-600x600.jpeg 600w, https:\/\/www.anglerverein-daskow.de\/wordpress\/wp-content\/uploads\/2024\/04\/WhatsApp-Image-2024-04-20-at-13.11.54-3-150x150.jpeg 150w\" sizes=\"auto, (max-width: 600px) 100vw, 600px\" \/>\t\t\t\t\t\t\t\t\t\t\t\t\t\t\t<\/div>\n\t\t\t\t<\/div>\n\t\t\t\t<\/div>\n\t\t<div class=\"elementor-element elementor-element-77f99e07 e-con-full e-flex e-con e-child\" data-id=\"77f99e07\" data-element_type=\"container\" data-settings=\"{&quot;content_width&quot;:&quot;full&quot;}\">\n\t\t\t\t<div class=\"elementor-element elementor-element-2fb5c41c elementor-widget elementor-widget-image\" data-id=\"2fb5c41c\" data-element_type=\"widget\" data-widget_type=\"image.default\">\n\t\t\t\t<div class=\"elementor-widget-container\">\n\t\t\t\t\t\t\t\t\t\t\t\t\t\t\t<img loading=\"lazy\" decoding=\"async\" width=\"600\" height=\"600\" src=\"https:\/\/www.anglerverein-daskow.de\/wordpress\/wp-content\/uploads\/2024\/04\/WhatsApp-Image-2024-04-20-at-13.11.54-2-600x600.jpeg\" class=\"attachment-ocean-thumb-m size-ocean-thumb-m wp-image-1775\" alt=\"\" srcset=\"https:\/\/www.anglerverein-daskow.de\/wordpress\/wp-content\/uploads\/2024\/04\/WhatsApp-Image-2024-04-20-at-13.11.54-2-600x600.jpeg 600w, https:\/\/www.anglerverein-daskow.de\/wordpress\/wp-content\/uploads\/2024\/04\/WhatsApp-Image-2024-04-20-at-13.11.54-2-150x150.jpeg 150w\" sizes=\"auto, (max-width: 600px) 100vw, 600px\" \/>\t\t\t\t\t\t\t\t\t\t\t\t\t\t\t<\/div>\n\t\t\t\t<\/div>\n\t\t\t\t<\/div>\n\t\t<div class=\"elementor-element elementor-element-660ede4a e-con-full e-flex e-con e-child\" data-id=\"660ede4a\" data-element_type=\"container\" data-settings=\"{&quot;content_width&quot;:&quot;full&quot;}\">\n\t\t\t\t<\/div>\n\t\t<div class=\"elementor-element elementor-element-50540b6b e-con-full e-flex e-con e-child\" data-id=\"50540b6b\" data-element_type=\"container\" data-settings=\"{&quot;content_width&quot;:&quot;full&quot;}\">\n\t\t\t\t<\/div>\n\t\t\t\t\t<\/div>\n\t\t\t\t<\/div>\n\t\t\t\t\t\t\t<\/div>\n\t\t","protected":false},"excerpt":{"rendered":"<p>Arbeitseinsatz 20. April 2024 Am heutigen Samstag den 20.04. haben 5 Angelfreunde ihre Arbeitsstunden geleistet. Es wurden die gro\u00dfen Fenster in unserem Lager gereinigt, f\u00fcr Beleuchtung auf der R\u00fcckseite gesorgt, [&hellip;]<\/p>\n","protected":false},"author":3,"featured_media":0,"parent":2197,"menu_order":0,"comment_status":"closed","ping_status":"closed","template":"","meta":{"ngg_post_thumbnail":0,"footnotes":""},"class_list":["post-1781","page","type-page","status-publish","hentry","entry"],"_links":{"self":[{"href":"https:\/\/www.anglerverein-daskow.de\/wordpress\/index.php?rest_route=\/wp\/v2\/pages\/1781","targetHints":{"allow":["GET"]}}],"collection":[{"href":"https:\/\/www.anglerverein-daskow.de\/wordpress\/index.php?rest_route=\/wp\/v2\/pages"}],"about":[{"href":"https:\/\/www.anglerverein-daskow.de\/wordpress\/index.php?rest_route=\/wp\/v2\/types\/page"}],"author":[{"embeddable":true,"href":"https:\/\/www.anglerverein-daskow.de\/wordpress\/index.php?rest_route=\/wp\/v2\/users\/3"}],"replies":[{"embeddable":true,"href":"https:\/\/www.anglerverein-daskow.de\/wordpress\/index.php?rest_route=%2Fwp%2Fv2%2Fcomments&post=1781"}],"version-history":[{"count":5,"href":"https:\/\/www.anglerverein-daskow.de\/wordpress\/index.php?rest_route=\/wp\/v2\/pages\/1781\/revisions"}],"predecessor-version":[{"id":2213,"href":"https:\/\/www.anglerverein-daskow.de\/wordpress\/index.php?rest_route=\/wp\/v2\/pages\/1781\/revisions\/2213"}],"up":[{"embeddable":true,"href":"https:\/\/www.anglerverein-daskow.de\/wordpress\/index.php?rest_route=\/wp\/v2\/pages\/2197"}],"wp:attachment":[{"href":"https:\/\/www.anglerverein-daskow.de\/wordpress\/index.php?rest_route=%2Fwp%2Fv2%2Fmedia&parent=1781"}],"curies":[{"name":"wp","href":"https:\/\/api.w.org\/{rel}","templated":true}]}}